{"id":2,"date":"2022-07-25T13:08:40","date_gmt":"2022-07-25T11:08:40","guid":{"rendered":"https:\/\/astlart.cz\/?page_id=2"},"modified":"2022-12-01T21:44:21","modified_gmt":"2022-12-01T20:44:21","slug":"zkusebni-stranka","status":"publish","type":"page","link":"https:\/\/astlart.cz\/","title":{"rendered":"Eli\u0161ka Astlov\u00e1"},"content":{"rendered":"\n<p>Eli\u0161ka Astlov\u00e1 was born in Prague in year 2000. She is student on ADI art institute. She has a lot of experience with fashion and theatre costumes. But main thing for is painting. She has done an art exhobition Vacl\u00e1vart ,,Statue On P\u0159\u00edkopy.\u201d She is artist with original view on world.&nbsp;<\/p>\n\n\n\n<p>Her main theme is complementary color to the world. She focus on reflection of the water. Her main idea It is stop see the world in real color. Colors is only light, colors what we see is one visualization in brain. Other being can see different color.\u00a0So color isn&#8217;t a real thing. <\/p>\n\n\n\n<p>What is the true color of the world?<\/p>\n\n\n\n<pre id=\"tw-target-text\" class=\"wp-block-preformatted\"><strong>How we see the world is it reality?<\/strong><\/pre>\n\n\n\n<p><\/p>\n","protected":false},"excerpt":{"rendered":"<p>Eli\u0161ka Astlov\u00e1 was born in Prague in year 2000. She is student on ADI art institute. She has a lot of experience with fashion and theatre costumes. But main thing for is painting. She has done an art exhobition Vacl\u00e1vart ,,Statue On P\u0159\u00edkopy.\u201d She is artist with original view on world.&nbsp; Her main theme is [&hellip;]<\/p>\n","protected":false},"author":1,"featured_media":69,"parent":0,"menu_order":0,"comment_status":"closed","ping_status":"open","template":"","meta":{"footnotes":""},"class_list":["post-2","page","type-page","status-publish","has-post-thumbnail","hentry"],"_links":{"self":[{"href":"https:\/\/astlart.cz\/index.php?rest_route=\/wp\/v2\/pages\/2","targetHints":{"allow":["GET"]}}],"collection":[{"href":"https:\/\/astlart.cz\/index.php?rest_route=\/wp\/v2\/pages"}],"about":[{"href":"https:\/\/astlart.cz\/index.php?rest_route=\/wp\/v2\/types\/page"}],"author":[{"embeddable":true,"href":"https:\/\/astlart.cz\/index.php?rest_route=\/wp\/v2\/users\/1"}],"replies":[{"embeddable":true,"href":"https:\/\/astlart.cz\/index.php?rest_route=%2Fwp%2Fv2%2Fcomments&post=2"}],"version-history":[{"count":8,"href":"https:\/\/astlart.cz\/index.php?rest_route=\/wp\/v2\/pages\/2\/revisions"}],"predecessor-version":[{"id":324,"href":"https:\/\/astlart.cz\/index.php?rest_route=\/wp\/v2\/pages\/2\/revisions\/324"}],"wp:featuredmedia":[{"embeddable":true,"href":"https:\/\/astlart.cz\/index.php?rest_route=\/wp\/v2\/media\/69"}],"wp:attachment":[{"href":"https:\/\/astlart.cz\/index.php?rest_route=%2Fwp%2Fv2%2Fmedia&parent=2"}],"curies":[{"name":"wp","href":"https:\/\/api.w.org\/{rel}","templated":true}]}}